{"id":69,"date":"2023-07-15T10:37:33","date_gmt":"2023-07-15T08:37:33","guid":{"rendered":"https:\/\/vairelegrand.fr\/?page_id=69"},"modified":"2023-08-09T13:42:05","modified_gmt":"2023-08-09T11:42:05","slug":"les-jardins","status":"publish","type":"page","link":"https:\/\/vairelegrand.fr\/index.php\/les-jardins\/","title":{"rendered":"Les Jardins"},"content":{"rendered":"\n<div class=\"wp-block-columns is-layout-flex wp-container-core-columns-is-layout-9d6595d7 wp-block-columns-is-layout-flex\">\n<div class=\"wp-block-column is-layout-flow wp-block-column-is-layout-flow\">\n<figure class=\"wp-block-image size-full is-resized\"><img loading=\"lazy\" decoding=\"async\" src=\"https:\/\/vairelegrand.fr\/wp-content\/uploads\/2023\/07\/panorama13-1.jpg\" alt=\"\" class=\"wp-image-711\" style=\"width:840px;height:117px\" width=\"840\" height=\"117\" srcset=\"https:\/\/vairelegrand.fr\/wp-content\/uploads\/2023\/07\/panorama13-1.jpg 802w, https:\/\/vairelegrand.fr\/wp-content\/uploads\/2023\/07\/panorama13-1-300x42.jpg 300w, https:\/\/vairelegrand.fr\/wp-content\/uploads\/2023\/07\/panorama13-1-768x107.jpg 768w\" sizes=\"auto, (max-width: 840px) 100vw, 840px\" \/><\/figure>\n<\/div>\n<\/div>\n\n\n\n<div class=\"wp-block-columns alignwide is-layout-flex wp-container-core-columns-is-layout-9d6595d7 wp-block-columns-is-layout-flex\">\n<div class=\"wp-block-column is-vertically-aligned-top is-layout-flow wp-block-column-is-layout-flow\">\n<div style=\"height:12px\" aria-hidden=\"true\" class=\"wp-block-spacer\"><\/div>\n\n\n\n<figure class=\"wp-block-image size-full is-resized is-style-default\"><img loading=\"lazy\" decoding=\"async\" src=\"https:\/\/vairelegrand.fr\/wp-content\/uploads\/2023\/07\/clip_image002.gif\" alt=\"\" class=\"wp-image-699\" style=\"width:530px;height:287px\" width=\"530\" height=\"287\"\/><\/figure>\n<\/div>\n\n\n\n<div class=\"wp-block-column is-vertically-aligned-top is-layout-flow wp-block-column-is-layout-flow\">\n<p>Le XVIII \u00e8me si\u00e8cle aime la campagne. La noblesse de robe, plus riche que la noblesse d&rsquo;\u00e9p\u00e9e construit des maisons aux champs.<strong> Les commanditaires ouvrent leur ch\u00e2teau sur un jardin \u00e0 la fran\u00e7aise. D\u00e9zallier d&rsquo;Argenville<\/strong> dans son Trait\u00e9 concernant la th\u00e9orie et la pratique du jardinage, ne suit plus les principes \u00e9labor\u00e9s par Le N\u00f4tre, jardinier de Louis XIV. Il y introduit des id\u00e9es nouvelles, dont la principale est de faire c\u00e9der l&rsquo;Art \u00e0 la nature et non plus l&rsquo;inverse. Le jardin selon lui, doit plus tenir de la nature que de l&rsquo;Art.<strong> On pr\u00e9f\u00e8re aux fastueux d\u00e9cors, des \u00e9l\u00e9ments plus simples et moins co\u00fbteux tels que les vertugadins, les amphith\u00e9\u00e2tre de verdure, ou bien encore les boulingrins .<\/strong><\/p>\n<\/div>\n<\/div>\n\n\n\n<div class=\"wp-block-columns alignwide is-layout-flex wp-container-core-columns-is-layout-9d6595d7 wp-block-columns-is-layout-flex\">\n<div class=\"wp-block-column is-layout-flow wp-block-column-is-layout-flow\">\n<p><strong>Le jardin de Vaire-Le-Grand est directement inspir\u00e9 de cette nouvelle th\u00e9orie. <\/strong>Sur la premi\u00e8re terrasse, faisant face aux parterres et aux ifs taill\u00e9s, s\u00e9par\u00e9 par une all\u00e9e de tilleuls, un cabinet de verdure procure de l&rsquo;ombrage en \u00e9t\u00e9, il est de forme circulaire, et plant\u00e9 de huit marronniers, d\u00e9cor\u00e9 par deux bustes de divinit\u00e9s antiques. Un acte de notaire de 1718 d\u00e9crit l&rsquo;\u00e9laboration des jardins et pr\u00e9cise qu&rsquo;ils sont constitu\u00e9s de parterres d&rsquo;all\u00e9es, de bosquet, prouvant que les bases du jardin sont jet\u00e9es. Un vertugadin fait la transition entre la premi\u00e8re et la deuxi\u00e8me terrasse qui pr\u00e9sente en son centre un bassin plus petit que celui de la premi\u00e8re, il est de forme ovale, r\u00e9fl\u00e9chissant l&rsquo;image du ch\u00e2teau pour la seconde fois. Enfin le terrain fl\u00e9chit de nouveau, et c&rsquo;est \u00e0 l&rsquo;aide d&rsquo;une double rampe soulign\u00e9e par une haie vive que nous descendons sur la troisi\u00e8me terrasse, dont le muret de cl\u00f4ture s&rsquo;inscrit dans le paysage en rappelant l&rsquo;avanc\u00e9e en rotule de la fa\u00e7ade sur les jardins du ch\u00e2teau. <strong>La rivi\u00e8re au bout de la perspective Est-Ouest, constitue le foyer de la composition du jardin.<\/strong> Elle est form\u00e9e par un coude du Doubs, et elle procure une somptueuse pi\u00e8ce d&rsquo;eau naturelle, v\u00e9ritable troisi\u00e8me miroir depuis la sortie du village de oche-lez-Beaupr\u00e9. Le jardin de Vaire, constitue une mise en sc\u00e8ne, du paysage environnant et <strong>par son grand art figure parmi l&rsquo;un des plus beaux t\u00e9moignages<\/strong> de Jardin \u00e0 la Fran\u00e7aise.<\/p>\n\n\n\n<figure class=\"wp-block-image size-full is-resized\"><img loading=\"lazy\" decoding=\"async\" src=\"https:\/\/vairelegrand.fr\/wp-content\/uploads\/2023\/07\/panorama25.jpg\" alt=\"\" class=\"wp-image-708\" style=\"width:1101px;height:353px\" width=\"1101\" height=\"353\" srcset=\"https:\/\/vairelegrand.fr\/wp-content\/uploads\/2023\/07\/panorama25.jpg 802w, https:\/\/vairelegrand.fr\/wp-content\/uploads\/2023\/07\/panorama25-300x96.jpg 300w, https:\/\/vairelegrand.fr\/wp-content\/uploads\/2023\/07\/panorama25-768x246.jpg 768w\" sizes=\"auto, (max-width: 1101px) 100vw, 1101px\" \/><\/figure>\n\n\n\n<div style=\"height:42px\" aria-hidden=\"true\" class=\"wp-block-spacer\"><\/div>\n\n\n\n<p><strong>Le jardin s&rsquo;\u00e9tend sur la partie plane de la butte, la transformant en un vaste belv\u00e9d\u00e8re sur la vall\u00e9e du Doubs. <\/strong>L&rsquo;unit\u00e9 de la composition d&rsquo;un jardin suppose l&rsquo;existence d&rsquo;axes, autour desquels tout s&rsquo;ordonne. A Vaire le concepteur du jardin, \u00e0 cr\u00e9\u00e9 un axe principal orient\u00e9 Est-Ouest et parall\u00e8le \u00e0 la vall\u00e9e du Doubs.<br>Des axes secondaires compliquent le sch\u00e9ma de base ; en effet l&rsquo;axe principal constitu\u00e9 par l&rsquo;alignement des parterres, des boulingrins, et des bassins est coup\u00e9 perpendiculairement par un axe constitu\u00e9 par l&rsquo;avant cour et la cour d&rsquo;honneur pour mener le regard \u00e0 travers une fen\u00eatre naturelle constitu\u00e9e de deux vieux tilleuls sur le paysage environnant.<br>C&rsquo;est par cet axe secondaire que nous acc\u00e8dons \u00e0 l&rsquo;avant-cour du ch\u00e2teau apr\u00e8s avoir franchi une grille en fer forg\u00e9 de belle facture, cantonn\u00e9e de part et d&rsquo;autre par deux pavillons.<br>Une terrasse constituant la cour d&rsquo;honneur domine l&rsquo;avant cour, on y acc\u00e9de \u00e0 l&rsquo;aide d&rsquo;une double rampe en forme de fer \u00e0 cheval d\u00e9cor\u00e9e de d\u00e9s et de vases en pierre sculpt\u00e9e par Claude Damien Gardaire en 1742.<br><strong>Sujet d&rsquo;\u00e9tonnement, qui fait de ce jardin \u00e0 la fran\u00e7aise un exemple \u00e0 part,&nbsp; l&rsquo;architecte n&rsquo;a pas tenu compte de l&rsquo;ordonnancement classique et n&rsquo;a pas h\u00e9sit\u00e9 \u00e0 placer le ch\u00e2teau en retour d&rsquo;\u00e9querre par rapport \u00e0 l&rsquo;axe d&rsquo;arriv\u00e9e de l&rsquo;avant cour&#8230;ceci afin que le ch\u00e2teau puisse profiter de la vue sur la vall\u00e9e du Doubs. <\/strong>Il gagnait \u00e9galement par cette orientation l&rsquo;exposition Est-Ouest qui permet gr\u00e2ce au soleil couchant, de cr\u00e9er une mise en sc\u00e8ne r\u00e9ciproque entre les min\u00e9raux, l&rsquo;eau des bassins et l&rsquo;architecture. Ernest de Ganay, auteur comtois ayant \u00e9crit de nombreux ouvrages sur les jardins en France, \u00e9crit \u00e0 propos de Vaire\u00a0\u00bb l&rsquo;habitation \u00e9tant plac\u00e9e de mani\u00e8re \u00e0 regarder la vall\u00e9e, tant en amont qu&rsquo;en aval, il s&rsquo;ensuit que l&rsquo;arriv\u00e9e doit se faire sur le flanc de la cour, \u00e0 laquelle on acc\u00e8de par un escalier \u00e0 double rampe &#8230;par cons\u00e9quent, ici la tradition est rompue, mais c&rsquo;est la configuration du terrain qui l&rsquo;a voulu\u00a0\u00bb. Classiquement, le jardin d&rsquo;agr\u00e9ment se d\u00e9ploie devant la fa\u00e7ade oppos\u00e9e \u00e0 celle de l&rsquo;arriv\u00e9e. Il se d\u00e9veloppe sur une premi\u00e8re terrasse sous la forme de deux parterres de fleurs bord\u00e9s d&rsquo;ifs, taill\u00e9s selon l&rsquo;art topiaire en cubes, en c\u00f4nes, en cylindres. Ces formes g\u00e9om\u00e9triques plac\u00e9es \u00e0 proximit\u00e9 du ch\u00e2teau, rappellent les lignes directrices de la demeure.<\/p>\n<\/div>\n<\/div>\n\n\n\n<p><\/p>\n","protected":false},"excerpt":{"rendered":"<p>Le XVIII \u00e8me si\u00e8cle aime la campagne. La noblesse de robe, plus riche que la noblesse d&rsquo;\u00e9p\u00e9e construit des maisons aux champs. Les commanditaires ouvrent leur ch\u00e2teau sur un jardin \u00e0 la fran\u00e7aise. D\u00e9zallier d&rsquo;Argenville dans son Trait\u00e9 concernant la th\u00e9orie et la pratique du jardinage, ne suit plus les principes \u00e9labor\u00e9s par Le N\u00f4tre,&hellip; <\/p>\n","protected":false},"author":1,"featured_media":0,"parent":0,"menu_order":3,"comment_status":"closed","ping_status":"closed","template":"","meta":{"footnotes":""},"class_list":["post-69","page","type-page","status-publish","hentry"],"yoast_head":"<!-- This site is optimized with the Yoast SEO plugin v27.3 - https:\/\/yoast.com\/product\/yoast-seo-wordpress\/ -->\n<title>Les Jardins - Chateau de Vaire le Grand<\/title>\n<meta name=\"robots\" content=\"index, follow, max-snippet:-1, max-image-preview:large, max-video-preview:-1\" \/>\n<link rel=\"canonical\" href=\"https:\/\/vairelegrand.fr\/index.php\/les-jardins\/\" \/>\n<meta property=\"og:locale\" content=\"fr_FR\" \/>\n<meta property=\"og:type\" content=\"article\" \/>\n<meta property=\"og:title\" content=\"Les Jardins - Chateau de Vaire le Grand\" \/>\n<meta property=\"og:description\" content=\"Le XVIII \u00e8me si\u00e8cle aime la campagne. La noblesse de robe, plus riche que la noblesse d&rsquo;\u00e9p\u00e9e construit des maisons aux champs. Les commanditaires ouvrent leur ch\u00e2teau sur un jardin \u00e0 la fran\u00e7aise. D\u00e9zallier d&rsquo;Argenville dans son Trait\u00e9 concernant la th\u00e9orie et la pratique du jardinage, ne suit plus les principes \u00e9labor\u00e9s par Le N\u00f4tre,&hellip;\" \/>\n<meta property=\"og:url\" content=\"https:\/\/vairelegrand.fr\/index.php\/les-jardins\/\" \/>\n<meta property=\"og:site_name\" content=\"Chateau de Vaire le Grand\" \/>\n<meta property=\"article:modified_time\" content=\"2023-08-09T11:42:05+00:00\" \/>\n<meta property=\"og:image\" content=\"http:\/\/vairelegrand.fr\/wp-content\/uploads\/2023\/07\/panorama13-1.jpg\" \/>\n<meta name=\"twitter:card\" content=\"summary_large_image\" \/>\n<meta name=\"twitter:label1\" content=\"Dur\u00e9e de lecture estim\u00e9e\" \/>\n\t<meta name=\"twitter:data1\" content=\"5 minutes\" \/>\n<script type=\"application\/ld+json\" class=\"yoast-schema-graph\">{\"@context\":\"https:\\\/\\\/schema.org\",\"@graph\":[{\"@type\":\"WebPage\",\"@id\":\"https:\\\/\\\/vairelegrand.fr\\\/index.php\\\/les-jardins\\\/\",\"url\":\"https:\\\/\\\/vairelegrand.fr\\\/index.php\\\/les-jardins\\\/\",\"name\":\"Les Jardins - Chateau de Vaire le Grand\",\"isPartOf\":{\"@id\":\"https:\\\/\\\/vairelegrand.fr\\\/#website\"},\"primaryImageOfPage\":{\"@id\":\"https:\\\/\\\/vairelegrand.fr\\\/index.php\\\/les-jardins\\\/#primaryimage\"},\"image\":{\"@id\":\"https:\\\/\\\/vairelegrand.fr\\\/index.php\\\/les-jardins\\\/#primaryimage\"},\"thumbnailUrl\":\"http:\\\/\\\/vairelegrand.fr\\\/wp-content\\\/uploads\\\/2023\\\/07\\\/panorama13-1.jpg\",\"datePublished\":\"2023-07-15T08:37:33+00:00\",\"dateModified\":\"2023-08-09T11:42:05+00:00\",\"breadcrumb\":{\"@id\":\"https:\\\/\\\/vairelegrand.fr\\\/index.php\\\/les-jardins\\\/#breadcrumb\"},\"inLanguage\":\"fr-FR\",\"potentialAction\":[{\"@type\":\"ReadAction\",\"target\":[\"https:\\\/\\\/vairelegrand.fr\\\/index.php\\\/les-jardins\\\/\"]}]},{\"@type\":\"ImageObject\",\"inLanguage\":\"fr-FR\",\"@id\":\"https:\\\/\\\/vairelegrand.fr\\\/index.php\\\/les-jardins\\\/#primaryimage\",\"url\":\"http:\\\/\\\/vairelegrand.fr\\\/wp-content\\\/uploads\\\/2023\\\/07\\\/panorama13-1.jpg\",\"contentUrl\":\"http:\\\/\\\/vairelegrand.fr\\\/wp-content\\\/uploads\\\/2023\\\/07\\\/panorama13-1.jpg\"},{\"@type\":\"BreadcrumbList\",\"@id\":\"https:\\\/\\\/vairelegrand.fr\\\/index.php\\\/les-jardins\\\/#breadcrumb\",\"itemListElement\":[{\"@type\":\"ListItem\",\"position\":1,\"name\":\"Accueil\",\"item\":\"https:\\\/\\\/vairelegrand.fr\\\/\"},{\"@type\":\"ListItem\",\"position\":2,\"name\":\"Les Jardins\"}]},{\"@type\":\"WebSite\",\"@id\":\"https:\\\/\\\/vairelegrand.fr\\\/#website\",\"url\":\"https:\\\/\\\/vairelegrand.fr\\\/\",\"name\":\"Chateau de Vaire le Grand\",\"description\":\"\",\"publisher\":{\"@id\":\"https:\\\/\\\/vairelegrand.fr\\\/#organization\"},\"potentialAction\":[{\"@type\":\"SearchAction\",\"target\":{\"@type\":\"EntryPoint\",\"urlTemplate\":\"https:\\\/\\\/vairelegrand.fr\\\/?s={search_term_string}\"},\"query-input\":{\"@type\":\"PropertyValueSpecification\",\"valueRequired\":true,\"valueName\":\"search_term_string\"}}],\"inLanguage\":\"fr-FR\"},{\"@type\":\"Organization\",\"@id\":\"https:\\\/\\\/vairelegrand.fr\\\/#organization\",\"name\":\"Chateau de Vaire le Grand\",\"url\":\"https:\\\/\\\/vairelegrand.fr\\\/\",\"logo\":{\"@type\":\"ImageObject\",\"inLanguage\":\"fr-FR\",\"@id\":\"https:\\\/\\\/vairelegrand.fr\\\/#\\\/schema\\\/logo\\\/image\\\/\",\"url\":\"https:\\\/\\\/vairelegrand.fr\\\/wp-content\\\/uploads\\\/2023\\\/07\\\/logoVLG.jpg\",\"contentUrl\":\"https:\\\/\\\/vairelegrand.fr\\\/wp-content\\\/uploads\\\/2023\\\/07\\\/logoVLG.jpg\",\"width\":128,\"height\":127,\"caption\":\"Chateau de Vaire le Grand\"},\"image\":{\"@id\":\"https:\\\/\\\/vairelegrand.fr\\\/#\\\/schema\\\/logo\\\/image\\\/\"}}]}<\/script>\n<!-- \/ Yoast SEO plugin. -->","yoast_head_json":{"title":"Les Jardins - Chateau de Vaire le Grand","robots":{"index":"index","follow":"follow","max-snippet":"max-snippet:-1","max-image-preview":"max-image-preview:large","max-video-preview":"max-video-preview:-1"},"canonical":"https:\/\/vairelegrand.fr\/index.php\/les-jardins\/","og_locale":"fr_FR","og_type":"article","og_title":"Les Jardins - Chateau de Vaire le Grand","og_description":"Le XVIII \u00e8me si\u00e8cle aime la campagne. La noblesse de robe, plus riche que la noblesse d&rsquo;\u00e9p\u00e9e construit des maisons aux champs. Les commanditaires ouvrent leur ch\u00e2teau sur un jardin \u00e0 la fran\u00e7aise. D\u00e9zallier d&rsquo;Argenville dans son Trait\u00e9 concernant la th\u00e9orie et la pratique du jardinage, ne suit plus les principes \u00e9labor\u00e9s par Le N\u00f4tre,&hellip;","og_url":"https:\/\/vairelegrand.fr\/index.php\/les-jardins\/","og_site_name":"Chateau de Vaire le Grand","article_modified_time":"2023-08-09T11:42:05+00:00","og_image":[{"url":"http:\/\/vairelegrand.fr\/wp-content\/uploads\/2023\/07\/panorama13-1.jpg","type":"","width":"","height":""}],"twitter_card":"summary_large_image","twitter_misc":{"Dur\u00e9e de lecture estim\u00e9e":"5 minutes"},"schema":{"@context":"https:\/\/schema.org","@graph":[{"@type":"WebPage","@id":"https:\/\/vairelegrand.fr\/index.php\/les-jardins\/","url":"https:\/\/vairelegrand.fr\/index.php\/les-jardins\/","name":"Les Jardins - Chateau de Vaire le Grand","isPartOf":{"@id":"https:\/\/vairelegrand.fr\/#website"},"primaryImageOfPage":{"@id":"https:\/\/vairelegrand.fr\/index.php\/les-jardins\/#primaryimage"},"image":{"@id":"https:\/\/vairelegrand.fr\/index.php\/les-jardins\/#primaryimage"},"thumbnailUrl":"http:\/\/vairelegrand.fr\/wp-content\/uploads\/2023\/07\/panorama13-1.jpg","datePublished":"2023-07-15T08:37:33+00:00","dateModified":"2023-08-09T11:42:05+00:00","breadcrumb":{"@id":"https:\/\/vairelegrand.fr\/index.php\/les-jardins\/#breadcrumb"},"inLanguage":"fr-FR","potentialAction":[{"@type":"ReadAction","target":["https:\/\/vairelegrand.fr\/index.php\/les-jardins\/"]}]},{"@type":"ImageObject","inLanguage":"fr-FR","@id":"https:\/\/vairelegrand.fr\/index.php\/les-jardins\/#primaryimage","url":"http:\/\/vairelegrand.fr\/wp-content\/uploads\/2023\/07\/panorama13-1.jpg","contentUrl":"http:\/\/vairelegrand.fr\/wp-content\/uploads\/2023\/07\/panorama13-1.jpg"},{"@type":"BreadcrumbList","@id":"https:\/\/vairelegrand.fr\/index.php\/les-jardins\/#breadcrumb","itemListElement":[{"@type":"ListItem","position":1,"name":"Accueil","item":"https:\/\/vairelegrand.fr\/"},{"@type":"ListItem","position":2,"name":"Les Jardins"}]},{"@type":"WebSite","@id":"https:\/\/vairelegrand.fr\/#website","url":"https:\/\/vairelegrand.fr\/","name":"Chateau de Vaire le Grand","description":"","publisher":{"@id":"https:\/\/vairelegrand.fr\/#organization"},"potentialAction":[{"@type":"SearchAction","target":{"@type":"EntryPoint","urlTemplate":"https:\/\/vairelegrand.fr\/?s={search_term_string}"},"query-input":{"@type":"PropertyValueSpecification","valueRequired":true,"valueName":"search_term_string"}}],"inLanguage":"fr-FR"},{"@type":"Organization","@id":"https:\/\/vairelegrand.fr\/#organization","name":"Chateau de Vaire le Grand","url":"https:\/\/vairelegrand.fr\/","logo":{"@type":"ImageObject","inLanguage":"fr-FR","@id":"https:\/\/vairelegrand.fr\/#\/schema\/logo\/image\/","url":"https:\/\/vairelegrand.fr\/wp-content\/uploads\/2023\/07\/logoVLG.jpg","contentUrl":"https:\/\/vairelegrand.fr\/wp-content\/uploads\/2023\/07\/logoVLG.jpg","width":128,"height":127,"caption":"Chateau de Vaire le Grand"},"image":{"@id":"https:\/\/vairelegrand.fr\/#\/schema\/logo\/image\/"}}]}},"_links":{"self":[{"href":"https:\/\/vairelegrand.fr\/index.php\/wp-json\/wp\/v2\/pages\/69","targetHints":{"allow":["GET"]}}],"collection":[{"href":"https:\/\/vairelegrand.fr\/index.php\/wp-json\/wp\/v2\/pages"}],"about":[{"href":"https:\/\/vairelegrand.fr\/index.php\/wp-json\/wp\/v2\/types\/page"}],"author":[{"embeddable":true,"href":"https:\/\/vairelegrand.fr\/index.php\/wp-json\/wp\/v2\/users\/1"}],"replies":[{"embeddable":true,"href":"https:\/\/vairelegrand.fr\/index.php\/wp-json\/wp\/v2\/comments?post=69"}],"version-history":[{"count":20,"href":"https:\/\/vairelegrand.fr\/index.php\/wp-json\/wp\/v2\/pages\/69\/revisions"}],"predecessor-version":[{"id":869,"href":"https:\/\/vairelegrand.fr\/index.php\/wp-json\/wp\/v2\/pages\/69\/revisions\/869"}],"wp:attachment":[{"href":"https:\/\/vairelegrand.fr\/index.php\/wp-json\/wp\/v2\/media?parent=69"}],"curies":[{"name":"wp","href":"https:\/\/api.w.org\/{rel}","templated":true}]}}